{"id":9764,"date":"2023-02-22T07:13:56","date_gmt":"2023-02-22T07:13:56","guid":{"rendered":"https:\/\/rubenhiraldo.com\/?page_id=9764"},"modified":"2023-02-22T14:59:56","modified_gmt":"2023-02-22T14:59:56","slug":"newsletter","status":"publish","type":"page","link":"https:\/\/rubenhiraldo.com\/en\/newsletter\/","title":{"rendered":"Newsletter"},"content":{"rendered":"<div data-elementor-type=\"wp-page\" data-elementor-id=\"9764\" class=\"elementor elementor-9764\" data-elementor-post-type=\"page\">\n\t\t\t\t\t\t<section data-particle_enable=\"false\" data-particle-mobile-disabled=\"false\" class=\"elementor-section elementor-top-section elementor-element elementor-element-8e6ce88 elementor-section-boxed elementor-section-height-default elementor-section-height-default\" data-id=\"8e6ce88\" data-element_type=\"section\" data-settings=\"{&quot;background_background&quot;:&quot;classic&quot;}\">\n\t\t\t\t\t\t<div class=\"elementor-container elementor-column-gap-default\">\n\t\t\t\t\t<div class=\"elementor-column elementor-col-100 elementor-top-column elementor-element elementor-element-e6bb67f\" data-id=\"e6bb67f\" data-element_type=\"column\">\n\t\t\t<div class=\"elementor-widget-wrap elementor-element-populated\">\n\t\t\t\t\t\t<div class=\"elementor-element elementor-element-7884acc elementor-widget elementor-widget-heading\" data-id=\"7884acc\" data-element_type=\"widget\" data-widget_type=\"heading.default\">\n\t\t\t\t<div class=\"elementor-widget-container\">\n\t\t\t<h2 class=\"elementor-heading-title elementor-size-default\">No quiero hacerte perder el tiempo<\/h2>\t\t<\/div>\n\t\t\t\t<\/div>\n\t\t\t\t<div class=\"elementor-element elementor-element-e748353 elementor-widget elementor-widget-text-editor\" data-id=\"e748353\" data-element_type=\"widget\" data-widget_type=\"text-editor.default\">\n\t\t\t\t<div class=\"elementor-widget-container\">\n\t\t\t\t\t\t\t<p>Suscribirse ya<\/p>\t\t\t\t\t\t<\/div>\n\t\t\t\t<\/div>\n\t\t\t\t<div class=\"elementor-element elementor-element-3914b95 elementor-widget elementor-widget-text-editor\" data-id=\"3914b95\" data-element_type=\"widget\" data-widget_type=\"text-editor.default\">\n\t\t\t\t<div class=\"elementor-widget-container\">\n\t\t\t\t\t\t\t<p>Seamos sinceros, si est\u00e1s aqu\u00ed estoy seguro que es porque ya me has le\u00eddo en alg\u00fan lado y algo de mi te ha interesado.<\/p><p>No se a ti, pero a mi no me gusta perder el tiempo ni que la gente lo pierda.<\/p><p>Soy Rub\u00e9n y hace m\u00e1s de 3 a\u00f1os que me dedico y vivo de internet.<\/p><p>Si una cosa he aprendido en todos estos a\u00f1os es: a pelearme con clientes, que ser aut\u00f3nomo en Espa\u00f1a es una mierda y a ganar dinero desde mi ordenador.<\/p><p>Tambi\u00e9n me gusta crear contenido y ayudar a la gente, por eso he creado esto, mi Newsletter.<\/p><p>Dentro de ella vas a aprender todo lo que se. Alg\u00fan d\u00eda me jure que el d\u00eda que la abriese ser\u00eda para darlo todo. Y este es el momento<\/p><p>Y para que me creas voy a regalar un Ebook escrito de mi pu\u00f1o y letra con m\u00e1s de 60 p\u00e1ginas donde te ense\u00f1o todos los mecanismos que hay para ganar dinero por internet<\/p><p>\u00bfNo me crees? Suscr\u00edbete y compru\u00e9balo, es GRATIS<\/p>\t\t\t\t\t\t<\/div>\n\t\t\t\t<\/div>\n\t\t\t\t<div class=\"elementor-element elementor-element-76c79d7 elementor-widget elementor-widget-heading\" data-id=\"76c79d7\" data-element_type=\"widget\" data-widget_type=\"heading.default\">\n\t\t\t\t<div class=\"elementor-widget-container\">\n\t\t\t<h2 class=\"elementor-heading-title elementor-size-default\">Consigue el ebook \"De la idea al \u00e9xito\" gratis<\/h2>\t\t<\/div>\n\t\t\t\t<\/div>\n\t\t\t\t<div class=\"elementor-element elementor-element-c3a9ad2 elementor-hidden-desktop elementor-hidden-tablet elementor-widget elementor-widget-eael-countdown\" data-id=\"c3a9ad2\" data-element_type=\"widget\" data-widget_type=\"eael-countdown.default\">\n\t\t\t\t<div class=\"elementor-widget-container\">\n\t\t\t\n\t\t<div class=\"eael-countdown-wrapper\" data-countdown-id=\"c3a9ad2\" data-expire-type=\"none\" data-countdown-type=\"due_date\">\n\t\t\t<div class=\"eael-countdown-container eael-countdown-label-block\">\n\t\t\t\t<ul id=\"eael-countdown-c3a9ad2\" class=\"eael-countdown-items\" data-date=\"Mar 01 2023 0:00:00 +0\">\n\t\t\t\t\t<li class=\"eael-countdown-item\"><div class=\"eael-countdown-days\"><span data-days class=\"eael-countdown-digits\">00<\/span><\/div><\/li>\t\t\t\t\t<li class=\"eael-countdown-item\"><div class=\"eael-countdown-hours\"><span data-hours class=\"eael-countdown-digits\">00<\/span><\/div><\/li>\t\t\t\t<li class=\"eael-countdown-item\"><div class=\"eael-countdown-minutes\"><span data-minutes class=\"eael-countdown-digits\">00<\/span><\/div><\/li>\t\t\t\t<li class=\"eael-countdown-item\"><div class=\"eael-countdown-seconds\"><span data-seconds class=\"eael-countdown-digits\">00<\/span><\/div><\/li>\t\t\t\t<\/ul>\n                <div class=\"eael-countdown-expiry-template\" style=\"display: none;\">\n\t\t\t\t\t                <\/div>\n\t\t\t\t<div class=\"clearfix\"><\/div>\n\t\t\t<\/div>\n\t\t<\/div>\n\n\t\t\t<\/div>\n\t\t\t\t<\/div>\n\t\t\t\t<div class=\"elementor-element elementor-element-16f5409 elementor-hidden-mobile elementor-widget elementor-widget-eael-countdown\" data-id=\"16f5409\" data-element_type=\"widget\" data-widget_type=\"eael-countdown.default\">\n\t\t\t\t<div class=\"elementor-widget-container\">\n\t\t\t\n\t\t<div class=\"eael-countdown-wrapper\" data-countdown-id=\"16f5409\" data-expire-type=\"none\" data-countdown-type=\"due_date\">\n\t\t\t<div class=\"eael-countdown-container eael-countdown-label-block\">\n\t\t\t\t<ul id=\"eael-countdown-16f5409\" class=\"eael-countdown-items\" data-date=\"Mar 01 2023 0:00:00 +0\">\n\t\t\t\t\t<li class=\"eael-countdown-item\"><div class=\"eael-countdown-days\"><span data-days class=\"eael-countdown-digits\">00<\/span><span class=\"eael-countdown-label\">D\u00edas<\/span><\/div><\/li>\t\t\t\t\t<li class=\"eael-countdown-item\"><div class=\"eael-countdown-hours\"><span data-hours class=\"eael-countdown-digits\">00<\/span><span class=\"eael-countdown-label\">Horas<\/span><\/div><\/li>\t\t\t\t<li class=\"eael-countdown-item\"><div class=\"eael-countdown-minutes\"><span data-minutes class=\"eael-countdown-digits\">00<\/span><span class=\"eael-countdown-label\">Minutos<\/span><\/div><\/li>\t\t\t\t<li class=\"eael-countdown-item\"><div class=\"eael-countdown-seconds\"><span data-seconds class=\"eael-countdown-digits\">00<\/span><span class=\"eael-countdown-label\">Segundos<\/span><\/div><\/li>\t\t\t\t<\/ul>\n                <div class=\"eael-countdown-expiry-template\" style=\"display: none;\">\n\t\t\t\t\t                <\/div>\n\t\t\t\t<div class=\"clearfix\"><\/div>\n\t\t\t<\/div>\n\t\t<\/div>\n\n\t\t\t<\/div>\n\t\t\t\t<\/div>\n\t\t\t\t<div class=\"elementor-element elementor-element-5bd4475 elementor-widget elementor-widget-text-editor\" data-id=\"5bd4475\" data-element_type=\"widget\" data-widget_type=\"text-editor.default\">\n\t\t\t\t<div class=\"elementor-widget-container\">\n\t\t\t\t\t\t\t<p>\u2193Es aqu\u00ed \u2193<\/p>\t\t\t\t\t\t<\/div>\n\t\t\t\t<\/div>\n\t\t\t\t<section data-particle_enable=\"false\" data-particle-mobile-disabled=\"false\" class=\"elementor-section elementor-inner-section elementor-element elementor-element-4279012 elementor-section-boxed elementor-section-height-default elementor-section-height-default\" data-id=\"4279012\" data-element_type=\"section\">\n\t\t\t\t\t\t<div class=\"elementor-container elementor-column-gap-default\">\n\t\t\t\t\t<div class=\"elementor-column elementor-col-100 elementor-inner-column elementor-element elementor-element-ad6dabb\" data-id=\"ad6dabb\" data-element_type=\"column\">\n\t\t\t<div class=\"elementor-widget-wrap elementor-element-populated\">\n\t\t\t\t\t\t<div class=\"elementor-element elementor-element-a5a38ef elementor-button-align-stretch elementor-widget elementor-widget-form\" data-id=\"a5a38ef\" data-element_type=\"widget\" data-settings=\"{&quot;step_next_label&quot;:&quot;Next&quot;,&quot;step_previous_label&quot;:&quot;Previous&quot;,&quot;button_width&quot;:&quot;100&quot;,&quot;step_type&quot;:&quot;number_text&quot;,&quot;step_icon_shape&quot;:&quot;circle&quot;}\" data-widget_type=\"form.default\">\n\t\t\t\t<div class=\"elementor-widget-container\">\n\t\t\t\t\t<form class=\"elementor-form\" method=\"post\" name=\"New Form\" action=\"\">\n\t\t\t<input type=\"hidden\" name=\"post_id\" value=\"9764\"\/>\n\t\t\t<input type=\"hidden\" name=\"form_id\" value=\"a5a38ef\"\/>\n\t\t\t<input type=\"hidden\" name=\"referer_title\" value=\"\" \/>\n\n\t\t\t\n\t\t\t<div class=\"elementor-form-fields-wrapper elementor-labels-above\">\n\t\t\t\t\t\t\t\t<div class=\"elementor-field-type-email elementor-field-group elementor-column elementor-field-group-email elementor-col-100 elementor-field-required elementor-mark-required\">\n\t\t\t\t\t\t\t\t\t\t\t\t\t<input size=\"1\" type=\"email\" name=\"form_fields[email]\" id=\"form-field-email\" class=\"elementor-field elementor-size-sm  elementor-field-textual\" placeholder=\"D\u00e9jame tu email aqu\u00ed, es gratis\" required=\"required\" aria-required=\"true\">\n\t\t\t\t\t\t\t\t\t\t\t<\/div>\n\t\t\t\t\t\t\t\t<div class=\"elementor-field-group elementor-column elementor-field-type-submit elementor-col-100 e-form__buttons\">\n\t\t\t\t\t<button class=\"elementor-button elementor-size-sm elementor-animation-pulse-grow\" type=\"submit\">\n\t\t\t\t\t\t<span class=\"elementor-button-content-wrapper\">\n\t\t\t\t\t\t\t\t\t\t\t\t\t\t\t\t\t\t\t\t\t\t<span class=\"elementor-button-text\">Suscribirme y conseguir el ebook<\/span>\n\t\t\t\t\t\t\t\t\t\t\t\t\t<\/span>\n\t\t\t\t\t<\/button>\n\t\t\t\t<\/div>\n\t\t\t<\/div>\n\t\t<input type=\"hidden\" name=\"trp-form-language\" value=\"en\"\/><\/form>\n\t\t\t\t<\/div>\n\t\t\t\t<\/div>\n\t\t\t\t\t<\/div>\n\t\t<\/div>\n\t\t\t\t\t<\/div>\n\t\t<\/section>\n\t\t\t\t\t<\/div>\n\t\t<\/div>\n\t\t\t\t\t<\/div>\n\t\t<\/section>\n\t\t\t\t<\/div>","protected":false},"excerpt":{"rendered":"<p>No quiero hacerte perder el tiempo Suscribirse ya Seamos sinceros, si est\u00e1s aqu\u00ed estoy seguro que es porque ya me has le\u00eddo en alg\u00fan lado y algo de mi te ha interesado. No se a ti, pero a mi no me gusta perder el tiempo ni que la gente lo pierda. Soy Rub\u00e9n y hace [&hellip;]<\/p>","protected":false},"author":1,"featured_media":0,"parent":0,"menu_order":0,"comment_status":"closed","ping_status":"closed","template":"elementor_canvas","meta":{"footnotes":""},"class_list":["post-9764","page","type-page","status-publish","hentry"],"_links":{"self":[{"href":"https:\/\/rubenhiraldo.com\/en\/wp-json\/wp\/v2\/pages\/9764"}],"collection":[{"href":"https:\/\/rubenhiraldo.com\/en\/wp-json\/wp\/v2\/pages"}],"about":[{"href":"https:\/\/rubenhiraldo.com\/en\/wp-json\/wp\/v2\/types\/page"}],"author":[{"embeddable":true,"href":"https:\/\/rubenhiraldo.com\/en\/wp-json\/wp\/v2\/users\/1"}],"replies":[{"embeddable":true,"href":"https:\/\/rubenhiraldo.com\/en\/wp-json\/wp\/v2\/comments?post=9764"}],"version-history":[{"count":31,"href":"https:\/\/rubenhiraldo.com\/en\/wp-json\/wp\/v2\/pages\/9764\/revisions"}],"predecessor-version":[{"id":9797,"href":"https:\/\/rubenhiraldo.com\/en\/wp-json\/wp\/v2\/pages\/9764\/revisions\/9797"}],"wp:attachment":[{"href":"https:\/\/rubenhiraldo.com\/en\/wp-json\/wp\/v2\/media?parent=9764"}],"curies":[{"name":"wp","href":"https:\/\/api.w.org\/{rel}","templated":true}]}}