{"id":9652,"date":"2021-12-11T17:19:44","date_gmt":"2021-12-11T17:19:44","guid":{"rendered":"https:\/\/rubenhiraldo.com\/?page_id=9652"},"modified":"2023-06-28T15:21:35","modified_gmt":"2023-06-28T15:21:35","slug":"politica-de-cookies","status":"publish","type":"page","link":"https:\/\/rubenhiraldo.com\/en\/politica-de-cookies\/","title":{"rendered":"Cookie policy"},"content":{"rendered":"<div data-elementor-type=\"wp-page\" data-elementor-id=\"9652\" class=\"elementor elementor-9652\" data-elementor-post-type=\"page\">\n\t\t\t\t\t\t<section data-particle_enable=\"false\" data-particle-mobile-disabled=\"false\" class=\"elementor-section elementor-top-section elementor-element elementor-element-9db7521 elementor-section-boxed elementor-section-height-default elementor-section-height-default\" data-id=\"9db7521\" data-element_type=\"section\" data-settings=\"{&quot;background_background&quot;:&quot;classic&quot;}\">\n\t\t\t\t\t\t<div class=\"elementor-container elementor-column-gap-default\">\n\t\t\t\t\t<div class=\"elementor-column elementor-col-100 elementor-top-column elementor-element elementor-element-f07c410\" data-id=\"f07c410\" data-element_type=\"column\">\n\t\t\t<div class=\"elementor-widget-wrap elementor-element-populated\">\n\t\t\t\t\t\t<div class=\"elementor-element elementor-element-50538a7 elementor-widget elementor-widget-text-editor\" data-id=\"50538a7\" data-element_type=\"widget\" data-widget_type=\"text-editor.default\">\n\t\t\t\t<div class=\"elementor-widget-container\">\n\t\t\t\t\t\t\t<header class=\"text-center\"><header class=\"text-center\"><header><h2>Cookie policy<\/h2><\/header><div class=\"\"><div class=\"\"><p>On this website we use cookies from third-party and own to ensure that you have a better navigation experience, you are able to share content on social networks, and so that we may obtain user statistics.<br \/><br \/>You can prevent the download of cookies through the settings in your browser, and preventing the cookies being stored on your device.<br \/><br \/>As the owner of this website, we tell you that we do not use any personal information from cookies, as we only general statistics of visits that do not pose any personal information.<br \/><br \/>It is very important that you read this cookie policy and understand that, if you go on surfing, we will consider that you accept its use.<br \/><br \/>According to the terms included in article 22.2 of Law 34\/2002 on Services of the Information Society and Electronic Commerce, if you continue navigating, you will be providing your consent to the use of the aforementioned mechanisms.<\/p><h3>Responsible Entity<\/h3><p class=\"ng-binding\">The entity responsible for the collection, processing and use of your personal data, in the sense established by the Law on Protection of Personal Data is the page Rub\u00e9n Hern\u00e1ndez Hiraldo, the property of Rub\u00e9n Hern\u00e1ndez Hiraldo \u2013 Plaza Paco Lopez Pina n7 1\u00baA.<\/p><h3>What are cookies?<\/h3><p>Cookies are a set of data that a server placed in the user&#039;s browser to collect information standard Internet log information and visitor behavior in a web site. That is to say, they are small text files that are stored on the hard disk of the computer and they serve to identify the user when you connect again to the website. Your goal is to record the user&#039;s visit and to save some information. Its use is common and frequent in the web because it allows the pages to function more efficiently and achieve greater customization and analysis on the behavior of the user.<\/p><h3>What types of cookies are there?<\/h3><p>Cookies used on our website are session and third-party, and allow us to store and access information related to the language, the type of browser used, and other general characteristics predefined by the user, as well as, to track and analyze the activity carried out, in order to introduce improvements and provide our services in a more efficient and personalized.<br \/><br \/><\/p><p class=\"ng-binding\">Cookies, depending on their permanence, can be divided into session cookies or permanent. They expire when the user closes the browser. Which expire depending on when you meet the objective for which they serve (for example, so that the user remains identified in the services of Rub\u00e9n Hern\u00e1ndez Hiraldo) or when you manually remove them.<\/p><p>\u00a0<\/p><table border=\"0\" width=\"100%\" cellpadding=\"15\"><tbody><tr><td>Name<\/td><td>Type<\/td><td>Expiry<\/td><td>Purpose<\/td><td>Class<\/td><\/tr><tr><td>__utma<\/td><td>Third Party (Google Analytics)<\/td><td>2 years<\/td><td>Used to distinguish users and sessions.<\/td><td>Non-Exempt<\/td><\/tr><tr><td>__utmb<\/td><td>Third Party (Google Analytics)<\/td><td>30 minutes<\/td><td>It is used to determine new sessions or visits<\/td><td>Non-Exempt<\/td><\/tr><tr><td>__utmc<\/td><td>Third Party (Google Analytics)<\/td><td>At the end of the session<\/td><td>Is configured for use with Urchin<\/td><td>Non-Exempt<\/td><\/tr><tr><td>__utmz<\/td><td>Third Party (Google Analytics)<\/td><td>6 months<\/td><td>Stores the source or the campaign that explains how the user has reached the website<\/td><td>Non-Exempt<\/td><\/tr><\/tbody><\/table><p class=\"ng-binding\">In addition, in terms of its purpose, cookies can be classified in the following way:<\/p><h3>Performance Cookies<\/h3><p>This type of Cookie remembers your preferences for tools found in the services, so that you do not have to reconfigure the service each time you visit. By way of example, this typology includes: volume Settings of video players or sound. The speed of transmission of video that will be compatible with your browser. The objects stored in the \u201cshopping cart\u201d in the services of e-commerce such as shops.<\/p><h3>Cookies of geo-localization<\/h3><p>These cookies are used to find out in which country is it located when requesting a service. This cookie is completely anonymous, and is only used to help guide the content to your location.<\/p><h3>Log Cookies<\/h3><p>The log cookies are generated once the user has registered or subsequently opened its session, and are used to identify you in the services with the following objectives:<\/p><p>Mantener al usuario identificado de forma que, si cierra un servicio, el navegador o el ordenador y en otro momento u otro d\u00eda vuelve a entrar en dicho servicio, seguir\u00e1 identificado, facilitando as\u00ed su navegaci\u00f3n sin tener que volver a identificarse. Esta funcionalidad se puede suprimir si el usuario pulsa la funcionalidad [cerrar sesi\u00f3n], de forma que esta cookie se elimina y la pr\u00f3xima vez que entre en el servicio el usuario tendr\u00e1 que iniciar sesi\u00f3n para estar identificado.<\/p><p>Check whether the user is authorized to access certain services, for example, to participate in a contest.<\/p><p>Additionally, some services may use connectors with social networks such as Facebook or Twitter. When the user registers in a service with credentials of a social network, you authorize the social network to keep a persistent Cookie that remembers your identity and guarantees access to the services until it expires. The user can delete this Cookie and revoke access to the services through social networks by updating their preferences in the social network specific.<\/p><h3>Cookies analytics<\/h3><p class=\"ng-binding\">Every time a user visits a service, a tool from an external provider generates a cookie analytic on the user&#039;s computer. This cookie that is only generated during the visit, will serve in future visits to the services Rub\u00e9n Hern\u00e1ndez Hiraldo to identify anonymously the visitor. The main objectives that are pursued are:<\/p><p>Allow anonymous identification of the users sailors through the cookie (identifies browsers and devices, not people) and therefore the accounting approximate the number of visitors and their trend over time.<br \/>Identify anonymously the most visited content and therefore more attractive for the users to Know if the user who is accessing is new or repeat visit.<\/p><p class=\"ng-binding\">Important: Unless the user decides to register in a service Rub\u00e9n Hern\u00e1ndez Hiraldo, the cookie, it will never be associated to any personal data that can identify you. These cookies will only be used for statistical purposes that help optimize the experience of users on the site.<\/p><h3>Advertising Cookies<\/h3><p class=\"ng-binding\">This type of cookies allow you to expand the information of the advertisements shown to each anonymous user in the services of Rub\u00e9n Hern\u00e1ndez Hiraldo. Among others, it is stored the duration or frequency of visualization of positions in advertising, the interaction with them or the browsing patterns and\/or behaviors of the user, since they help to shape a profile of advertising buzz. In this way, they allow to offer advertising related to the interests of the user.<\/p><h3>Cookies third party advertising<\/h3><p class=\"ng-binding\">In addition to advertising managed by the websites of Rub\u00e9n Hern\u00e1ndez Hiraldo their services, the websites of Rub\u00e9n Hern\u00e1ndez Hiraldo offer advertisers the option of serving advertisements through third parties (\u201cAd-Servers\u201d). In this way, these third parties can store cookies sent from the services of Rub\u00e9n Hern\u00e1ndez Hiraldo from the browsers of the users, as well as access to the data that they are saved.<\/p><p class=\"ng-binding\">The companies that generate these cookies have their own privacy policies. Currently, the webs of Rub\u00e9n Hern\u00e1ndez Hiraldo platform is used by Doubleclick (Google) to manage these services. For more information, go to<\/p><p><a href=\"http:\/\/www.google.es\/policies\/privacy\/ads\/#toc-doubleclick\" target=\"_blank\" rel=\"noopener\">http:\/\/www.google.es\/policies\/privacy\/ads\/#toc-doubleclick<\/a>\u00a0and\u00a0<a href=\"http:\/\/www.google.es\/policies\/privacy\/ads\/\" target=\"_blank\" rel=\"noopener\">http:\/\/www.google.es\/policies\/privacy\/ads\/<\/a>.<\/p><h3>How can I disable cookies in my browser?<\/h3><p>You can configure different browsers to notify the user of the reception of cookies and, if desired, prevent their installation on the computer. Also, the user can review in your browser what cookies are installed, and what is the term of expiration of the same, and can eliminate them.<\/p><p>For further information consult the instructions and manuals of your browser:<\/p><p>For more information on the management of cookies in Google Chrome:\u00a0<a href=\"https:\/\/support.google.com\/chrome\/answer\/95647?hl=es\" target=\"_blank\" rel=\"noopener\">https:\/\/support.google.com\/chrome\/answer\/95647?hl=es<\/a><\/p><p>For more information about managing cookies in Internet Explorer:\u00a0<a href=\"http:\/\/windows.microsoft.com\/es-es\/windows-vista\/cookies-frequently-asked-questions\" target=\"_blank\" rel=\"noopener\">http:\/\/windows.microsoft.com\/es-es\/windows-vista\/cookies-frequently-asked-questions<\/a><\/p><p>For more information on the management of cookies in Mozilla Firefox:\u00a0<a href=\"http:\/\/support.mozilla.org\/es\/kb\/habilitar-y-deshabilitar-cookies-que-los-sitios-we%20\" target=\"_blank\" rel=\"noopener\">http:\/\/support.mozilla.org\/es\/kb\/habilitar-y-deshabilitar-cookies-que-los-sitios-we<\/a><\/p><p>For more information about managing cookies in Safari:\u00a0<a href=\"http:\/\/www.apple.com\/es\/privacy\/use-of-cookies\/%20\" target=\"_blank\" rel=\"noopener\">http:\/\/www.apple.com\/es\/privacy\/use-of-cookies\/<\/a><\/p><p>For more information about managing cookies in Opera:\u00a0<a href=\"http:\/\/help.opera.com\/Windows\/11.50\/es-ES\/cookies.html\" target=\"_blank\" rel=\"noopener\">http:\/\/help.opera.com\/Windows\/11.50\/es-ES\/cookies.html<\/a><\/p><p>If you want to stop to be tracked by Google Analytics visit:\u00a0<a href=\"http:\/\/tools.google.com\/dlpage\/gaoptout\" target=\"_blank\" rel=\"noopener\">http:\/\/tools.google.com\/dlpage\/gaoptout<\/a><\/p><h3>To find out more about cookies<\/h3><p>You can get more information about online advertising based on your behavior and online privacy at the following link:\u00a0<a href=\"http:\/\/www.youronlinechoices.com\/es\/\" target=\"_blank\" rel=\"noopener\">http:\/\/www.youronlinechoices.com\/es\/<\/a><\/p><p>Data protection of Google Analytics:\u00a0<a href=\"http:\/\/www.google.com\/analytics\/learn\/privacy.html\" target=\"_blank\" rel=\"noopener\">http:\/\/www.google.com\/analytics\/learn\/privacy.html<\/a><\/p><p>How to use Google Analytics cookies:\u00a0<a href=\"https:\/\/developers.google.com\/analytics\/devguides\/collection\/analyticsjs\/cookie-usage?hl=es#analyticsjs\" target=\"_blank\" rel=\"noopener\">https:\/\/developers.google.com\/analytics\/devguides\/collection\/analyticsjs\/cookie-usage?hl=es#analyticsjs<\/a><\/p><h3>Updates and changes of the privacy policy\/cookies<\/h3><p class=\"ng-binding\">The websites of Rub\u00e9n Hern\u00e1ndez Hiraldo may modify this Cookies Policy according to legislative requirements, regulations, or with the purpose of adapting said policy to the instructions issued by the Spanish Agency for Data Protection, therefore users are advised to visit it periodically.<\/p><p>When significant changes occur in this Cookies Policy, these will be communicated to users either through the web or through email to registered users.<\/p><\/div><\/div><\/header><\/header>\t\t\t\t\t\t<\/div>\n\t\t\t\t<\/div>\n\t\t\t\t\t<\/div>\n\t\t<\/div>\n\t\t\t\t\t<\/div>\n\t\t<\/section>\n\t\t\t\t<\/div>","protected":false},"excerpt":{"rendered":"<p>Pol\u00edtica de Cookies En esta web se utilizan cookies de terceros y propias para conseguir que tengas una mejor experiencia de navegaci\u00f3n, puedas compartir contenido en redes sociales y para que podamos obtener estad\u00edsticas de los usuarios. Puedes evitar la descarga de cookies a trav\u00e9s de la configuraci\u00f3n de tu navegador, evitando que las cookies [&hellip;]<\/p>","protected":false},"author":1,"featured_media":0,"parent":0,"menu_order":0,"comment_status":"closed","ping_status":"closed","template":"","meta":{"footnotes":""},"class_list":["post-9652","page","type-page","status-publish","hentry"],"_links":{"self":[{"href":"https:\/\/rubenhiraldo.com\/en\/wp-json\/wp\/v2\/pages\/9652"}],"collection":[{"href":"https:\/\/rubenhiraldo.com\/en\/wp-json\/wp\/v2\/pages"}],"about":[{"href":"https:\/\/rubenhiraldo.com\/en\/wp-json\/wp\/v2\/types\/page"}],"author":[{"embeddable":true,"href":"https:\/\/rubenhiraldo.com\/en\/wp-json\/wp\/v2\/users\/1"}],"replies":[{"embeddable":true,"href":"https:\/\/rubenhiraldo.com\/en\/wp-json\/wp\/v2\/comments?post=9652"}],"version-history":[{"count":7,"href":"https:\/\/rubenhiraldo.com\/en\/wp-json\/wp\/v2\/pages\/9652\/revisions"}],"predecessor-version":[{"id":9977,"href":"https:\/\/rubenhiraldo.com\/en\/wp-json\/wp\/v2\/pages\/9652\/revisions\/9977"}],"wp:attachment":[{"href":"https:\/\/rubenhiraldo.com\/en\/wp-json\/wp\/v2\/media?parent=9652"}],"curies":[{"name":"wp","href":"https:\/\/api.w.org\/{rel}","templated":true}]}}